{"id":8640,"date":"2016-11-11T03:20:32","date_gmt":"2016-11-11T03:20:32","guid":{"rendered":"http:\/\/wp.nootheme.com\/jobmonster\/dummy2\/?page_id=8640"},"modified":"2022-09-08T13:09:36","modified_gmt":"2022-09-08T12:09:36","slug":"about-us","status":"publish","type":"page","link":"https:\/\/a-mini-job.com\/pl\/about-us\/","title":{"rendered":"O nas"},"content":{"rendered":"<div class=\"container-boxed max\"><div class=\"vc_row wpb_row vc_row-fluid vc_custom_1601304231055 vc_column-gap-35\"><div class=\"wpb_column vc_column_container vc_col-sm-6\"><div class=\"vc_column-inner\"><div class=\"wpb_wrapper\"><h3 style=\"color: #5aac4e;text-align: left\" class=\"vc_custom_heading\" >Jaka jest nasza historia?<\/h3>\n\t<div class=\"wpb_text_column wpb_content_element\" >\n\t\t<div class=\"wpb_wrapper\">\n\t\t\t<h5><span style=\"color: #5aac4e\">Nasza przygoda rozpocz\u0119\u0142a si\u0119 kilka lat temu, kiedy z grup\u0105 kilku znajomych urz\u0105dzali\u015bmy przyj\u0119cie. Nagle zgas\u0142y wszystkie \u015bwiat\u0142a. Po sprawdzeniu wszystkich mo\u017cliwo\u015bci i pr\u00f3bie naprawienia, okaza\u0142o si\u0119, \u017ce do naprawy potrzebna jest osoba bardziej wykwalifikowana ni\u017c my. Poniewa\u017c by\u0142 to niedzielny wiecz\u00f3r, zako\u0144czyli\u015bmy imprez\u0119 przy \u015bwiecach. Tak, by\u0142o to ca\u0142kiem mi\u0142e zako\u0144czenie dnia.<\/span><\/h5>\n<h5><span style=\"color: #5aac4e\">Potem my\u015bleli\u015bmy dalej: ok, ale co by by\u0142o, gdyby inni ludzie mieli podobne problemy jak my? A co by by\u0142o, gdyby w Internecie by\u0142o takie miejsce, w kt\u00f3rym ludzie mogliby od razu znale\u017a\u0107 pomoc w naprawie ciekn\u0105cego kranu w niedzielny wiecz\u00f3r? A co z tymi wszystkimi drobnymi zadaniami biurowymi lub prostymi pracami domowymi, kt\u00f3rymi mo\u017cna za\u0142atwi\u0107 w ci\u0105gu godziny lub dw\u00f3ch?<\/span><\/h5>\n<h5><span style=\"color: #5aac4e\">Dlatego stworzyli\u015bmy MiniJob.<\/span><\/h5>\n\n\t\t<\/div>\n\t<\/div>\n<\/div><\/div><\/div><div class=\"wpb_column vc_column_container vc_col-sm-6\"><div class=\"vc_column-inner\"><div class=\"wpb_wrapper\"><h3 style=\"color: #5aac4e;text-align: left\" class=\"vc_custom_heading\" >Czym jest MiniJob?<\/h3>\n\t<div class=\"wpb_text_column wpb_content_element\" >\n\t\t<div class=\"wpb_wrapper\">\n\t\t\t<p><strong>MiniJob, a two-sided marketplace that helps connect Customers &#8211; MiniEmployer and Service Providers &#8211; MiniJobbers.<\/strong><\/p>\n<p>It is an on-demand site that connects local need with freelance labour. The site allows users to find instant help for everyday chores like moving, cleaning, delivery, repair and handyman work. In the same way, they can find support with small office duties e.g. printouts, transport booking, organising a meeting. All those little tasks that can be done remotely or in person.<\/p>\n<p>Jedne mog\u0105 by\u0107 proste, inne mog\u0105 by\u0107 z\u0142o\u017cone. Niekt\u00f3re mog\u0105 by\u0107 powszechne, inne mog\u0105 by\u0107 rzadkie. Niekt\u00f3re mog\u0105 by\u0107 do\u015b\u0107 dziwne, ale nie ma czego\u015b takiego, jak zbyt dziwna praca dla MiniJob.<\/p>\n<p>MiniJob jest ko\u0142em ratunkowym dla ludzi, kt\u00f3rzy maj\u0105 napi\u0119ty harmonogram, za\u015b z drugiej strony jest kopalni\u0105 z\u0142ota dla os\u00f3b poszukuj\u0105cych dodatkowej got\u00f3wki.<\/p>\n<p>It is for MiniJobbers \u2013 any person with spare time on their hands. It\u2019s for MiniEmployers \u2013 individuals, companies and NGO\u2019s who need help in carrying out these small tasks.<\/p>\n\n\t\t<\/div>\n\t<\/div>\n<\/div><\/div><\/div><\/div><\/div><div class=\"vc_row wpb_row vc_row-fluid vc_custom_1601306623999 vc_row-has-fill vc_column-gap-35\"><div class=\"wpb_column vc_column_container vc_col-sm-12\"><div class=\"vc_column-inner\"><div class=\"wpb_wrapper\"><div class=\"container-boxed max\"><div class=\"vc_row wpb_row vc_inner vc_row-fluid vc_column-gap-35\"><div class=\"wpb_column vc_column_container vc_col-sm-6\"><div class=\"vc_column-inner\"><div class=\"wpb_wrapper\"><h4 style=\"color: #5aac4e;text-align: left\" class=\"vc_custom_heading vc_custom_1601306668636\" >MiniJob \u2013 jest us\u0142ug\u0105 na \u017c\u0105danie skrojon\u0105 do Twoich potrzeb.<\/h4>\n\t<div class=\"wpb_text_column wpb_content_element\" >\n\t\t<div class=\"wpb_wrapper\">\n\t\t\t<p>It is for you whenever you need someone to perform a small job, a task, when you are either too busy or you just need help. This can be anything &#8211; pet sit your turtle or teach your parrot some new words, shop for a neighbour, anything. Nothing is too big or too small. MiniJob is for anyone, anytime to do anything.<\/p>\n\n\t\t<\/div>\n\t<\/div>\n<h4 style=\"color: #5aac4e;text-align: left\" class=\"vc_custom_heading vc_custom_1601299139830\" >MiniJob \u2013 kieszonkowe zadania, kt\u00f3re wype\u0142niaj\u0105 Twoj\u0105 kiesze\u0144.<\/h4>\n\t<div class=\"wpb_text_column wpb_content_element\" >\n\t\t<div class=\"wpb_wrapper\">\n\t\t\t<p>It is for you if lining up for a few hours to get a newly launched product is a piece of cake for you, because you will be a perfect line stander and earn some extra cash. You can study your academic book while sitting by the laundromat and taking care of somebody\u2019s laundry to dry. MiniJob is for you if you can do the face painting on children&#8217;s parties. MiniJob is for anyone.<\/p>\n\n\t\t<\/div>\n\t<\/div>\n<h4 style=\"color: #5aac4e;text-align: left\" class=\"vc_custom_heading vc_custom_1601299131910\" >MiniJob \u2013 MiniJob - w Twojej okolicy i tu\u017c za rogiem.<\/h4>\n\t<div class=\"wpb_text_column wpb_content_element\" >\n\t\t<div class=\"wpb_wrapper\">\n\t\t\t<p>It is also for you when you want to perform household tasks for others. Whether\u00a0 elderly, disabled or people with limited time. When they need somebody else\u2019s assistance in shopping, cleaning or even reading a book. No task is too small or too big.<\/p>\n\n\t\t<\/div>\n\t<\/div>\n<\/div><\/div><\/div><div class=\"wpb_column vc_column_container vc_col-sm-6\"><div class=\"vc_column-inner\"><div class=\"wpb_wrapper\"><div class=\"wpb_gallery wpb_content_element vc_clearfix vc_custom_1601319461193\" ><div class=\"wpb_wrapper\"><div class=\"wpb_gallery_slides wpb_flexslider flexslider_slide flexslider\" data-interval=\"3\" data-flex_fx=\"slide\"><ul class=\"slides\"><li><img loading=\"lazy\" decoding=\"async\" width=\"800\" height=\"800\" src=\"https:\/\/a-mini-job.com\/wp-content\/uploads\/2020\/09\/about-us01-1.jpg\" class=\"attachment-full\" alt=\"\" srcset=\"https:\/\/a-mini-job.com\/wp-content\/uploads\/2020\/09\/about-us01-1.jpg 800w, https:\/\/a-mini-job.com\/wp-content\/uploads\/2020\/09\/about-us01-1-300x300.jpg 300w, https:\/\/a-mini-job.com\/wp-content\/uploads\/2020\/09\/about-us01-1-100x100.jpg 100w, https:\/\/a-mini-job.com\/wp-content\/uploads\/2020\/09\/about-us01-1-600x600.jpg 600w, https:\/\/a-mini-job.com\/wp-content\/uploads\/2020\/09\/about-us01-1-150x150.jpg 150w, https:\/\/a-mini-job.com\/wp-content\/uploads\/2020\/09\/about-us01-1-768x768.jpg 768w, https:\/\/a-mini-job.com\/wp-content\/uploads\/2020\/09\/about-us01-1-200x200.jpg 200w, https:\/\/a-mini-job.com\/wp-content\/uploads\/2020\/09\/about-us01-1-252x252.jpg 252w\" sizes=\"auto, (max-width: 800px) 100vw, 800px\" \/><\/li><li><img loading=\"lazy\" decoding=\"async\" width=\"800\" height=\"800\" src=\"https:\/\/a-mini-job.com\/wp-content\/uploads\/2020\/09\/about-us02-1.jpg\" class=\"attachment-full\" alt=\"\" srcset=\"https:\/\/a-mini-job.com\/wp-content\/uploads\/2020\/09\/about-us02-1.jpg 800w, https:\/\/a-mini-job.com\/wp-content\/uploads\/2020\/09\/about-us02-1-300x300.jpg 300w, https:\/\/a-mini-job.com\/wp-content\/uploads\/2020\/09\/about-us02-1-100x100.jpg 100w, https:\/\/a-mini-job.com\/wp-content\/uploads\/2020\/09\/about-us02-1-600x600.jpg 600w, https:\/\/a-mini-job.com\/wp-content\/uploads\/2020\/09\/about-us02-1-150x150.jpg 150w, https:\/\/a-mini-job.com\/wp-content\/uploads\/2020\/09\/about-us02-1-768x768.jpg 768w, https:\/\/a-mini-job.com\/wp-content\/uploads\/2020\/09\/about-us02-1-200x200.jpg 200w, https:\/\/a-mini-job.com\/wp-content\/uploads\/2020\/09\/about-us02-1-252x252.jpg 252w\" sizes=\"auto, (max-width: 800px) 100vw, 800px\" \/><\/li><li><img loading=\"lazy\" decoding=\"async\" width=\"800\" height=\"800\" src=\"https:\/\/a-mini-job.com\/wp-content\/uploads\/2020\/09\/about-us03-1.jpg\" class=\"attachment-full\" alt=\"\" srcset=\"https:\/\/a-mini-job.com\/wp-content\/uploads\/2020\/09\/about-us03-1.jpg 800w, https:\/\/a-mini-job.com\/wp-content\/uploads\/2020\/09\/about-us03-1-300x300.jpg 300w, https:\/\/a-mini-job.com\/wp-content\/uploads\/2020\/09\/about-us03-1-100x100.jpg 100w, https:\/\/a-mini-job.com\/wp-content\/uploads\/2020\/09\/about-us03-1-600x600.jpg 600w, https:\/\/a-mini-job.com\/wp-content\/uploads\/2020\/09\/about-us03-1-150x150.jpg 150w, https:\/\/a-mini-job.com\/wp-content\/uploads\/2020\/09\/about-us03-1-768x768.jpg 768w, https:\/\/a-mini-job.com\/wp-content\/uploads\/2020\/09\/about-us03-1-200x200.jpg 200w, https:\/\/a-mini-job.com\/wp-content\/uploads\/2020\/09\/about-us03-1-252x252.jpg 252w\" sizes=\"auto, (max-width: 800px) 100vw, 800px\" \/><\/li><\/ul><\/div><\/div><\/div><\/div><\/div><\/div><\/div><\/div><div class=\"container-boxed max\"><div class=\"vc_row wpb_row vc_inner vc_row-fluid\"><div class=\"wpb_column vc_column_container vc_col-sm-12\"><div class=\"vc_column-inner\"><div class=\"wpb_wrapper\"><blockquote  class=\"noo-quote text-left noo-quote-comma\" >\n  <p><p>&#8220;You do things when the opportunities come along. I&#8217;ve had periods in my life when I&#8217;ve had a bundle of ideas come along, and they&#8217;ve had long dry spells. If I get an idea next week, I&#8217;ll do something. If not, I won&#8217;t do a damn thing.&#8221;<\/p>\n<\/p>\n  <cite title=\"Warren Buffet\">Warren Buffet<\/cite>\n<\/blockquote><\/div><\/div><\/div><\/div><\/div><\/div><\/div><\/div><\/div><div class=\"vc_row wpb_row vc_row-fluid vc_custom_1521258844613 vc_row-has-fill\"><div class=\"wpb_column vc_column_container vc_col-sm-12\"><div class=\"vc_column-inner\"><div class=\"wpb_wrapper\"><h3 style=\"color: #5aac4e;text-align: center\" class=\"vc_custom_heading\" >Czym si\u0119 kierujemy?<\/h3><div class=\"container-boxed max\"><div class=\"vc_row wpb_row vc_inner vc_row-fluid vc_column-gap-35\"><div class=\"wpb_column vc_column_container vc_col-sm-6\"><div class=\"vc_column-inner\"><div class=\"wpb_wrapper\"><h4 style=\"color: #5aac4e;text-align: left\" class=\"vc_custom_heading vc_custom_1601314688834\" >Nasz cel<\/h4><h5 style=\"color: #5aac4e;text-align: left\" class=\"vc_custom_heading\" >W MiniJob najwa\u017cniejsi s\u0105 dla nas ludzie.<\/h5>\n\t<div class=\"wpb_text_column wpb_content_element\" >\n\t\t<div class=\"wpb_wrapper\">\n\t\t\t<p>Chcemy pomaga\u0107 ludziom odzyska\u0107 czas wolny i zapewni\u0107 elastyczno\u015b\u0107 wykonywanej pracy.<\/p>\n<p>Chcemy pomaga\u0107 ludziom, kt\u00f3rzy maj\u0105 napi\u0119ty harmonogram i nie maj\u0105 czasu na wykonywanie drobnych zada\u0144, oferuj\u0105c im us\u0142ugi, na kt\u00f3re ich sta\u0107.<\/p>\n<p>We want to connect them with people who need additional income because they are seeking employment, under-employed or simply seeking extra cash.<\/p>\n<p>Chcemy by\u0107 dobrym s\u0105siadem i wspiera\u0107 potrzebuj\u0105cych: osoby starsze i niepe\u0142nosprawne, a tak\u017ce ma\u0142e organizacje pozarz\u0105dowe, pomagaj\u0105c im znale\u017a\u0107 \u201epomocn\u0105 d\u0142o\u0144\u201d, kt\u00f3ra wykona za nich drobne zadania.<\/p>\n\n\t\t<\/div>\n\t<\/div>\n<h4 style=\"color: #5aac4e;text-align: left\" class=\"vc_custom_heading vc_custom_1601299321017\" >Nasza misja<\/h4>\n\t<div class=\"wpb_text_column wpb_content_element\" >\n\t\t<div class=\"wpb_wrapper\">\n\t\t\t<p>Stworzy\u0107 dwustronny rynek pracy \u0142\u0105cz\u0105cy ludzi w dowolnym miejscu na \u015bwiecie, kt\u00f3ry pomaga im za\u0142atwi\u0107 sprawy szybko i sprawnie.<\/p>\n\n\t\t<\/div>\n\t<\/div>\n<h4 style=\"color: #5aac4e;text-align: left\" class=\"vc_custom_heading vc_custom_1601299328755\" >Nasza wizja<\/h4>\n\t<div class=\"wpb_text_column wpb_content_element\" >\n\t\t<div class=\"wpb_wrapper\">\n\t\t\t<p>Umo\u017cliwi\u0107 ludziom na ca\u0142ym \u015bwiecie wyrwanie si\u0119 z codziennej rutyny i zbudowanie firmy, o kt\u00f3rej marz\u0105, tak, by stali si\u0119 niezale\u017cni zawodowo i finansowo.<\/p>\n\n\t\t<\/div>\n\t<\/div>\n<\/div><\/div><\/div><div class=\"wpb_column vc_column_container vc_col-sm-6\"><div class=\"vc_column-inner\"><div class=\"wpb_wrapper\"><h4 style=\"color: #5aac4e;text-align: left\" class=\"vc_custom_heading vc_custom_1601299336225\" >Nasze warto\u015bci<\/h4><h5 style=\"color: #5aac4e;text-align: left\" class=\"vc_custom_heading vc_custom_1601305583443\" >R\u00f3\u017cnorodno\u015b\u0107<\/h5>\n\t<div class=\"wpb_text_column wpb_content_element\" >\n\t\t<div class=\"wpb_wrapper\">\n\t\t\t<p>MiniJob jest przeznaczona dla os\u00f3b w ka\u017cdym wieku, o r\u00f3\u017cnych zainteresowaniach, m\u00f3wi\u0105cych w r\u00f3\u017cnych j\u0119zykach, r\u00f3\u017cnym wykszta\u0142ceniu lub pochodzeniu. Mamy nadziej\u0119, \u017ce znajdziesz tu zadania odpowiadaj\u0105ce Twoim potrzebom lub zainteresowaniom.<strong>\u00a0<\/strong><\/p>\n\n\t\t<\/div>\n\t<\/div>\n<h5 style=\"color: #5aac4e;text-align: left\" class=\"vc_custom_heading vc_custom_1601305593535\" >R\u00f3wno\u015b\u0107<\/h5>\n\t<div class=\"wpb_text_column wpb_content_element\" >\n\t\t<div class=\"wpb_wrapper\">\n\t\t\t<p>We believe that people should be given equal opportunities and should be accepted regardless their differences. That is how we see MiniJobbers and Customers.<\/p>\n\n\t\t<\/div>\n\t<\/div>\n<h5 style=\"color: #5aac4e;text-align: left\" class=\"vc_custom_heading vc_custom_1601305391582\" >Elastyczno\u015b\u0107<\/h5>\n\t<div class=\"wpb_text_column wpb_content_element\" >\n\t\t<div class=\"wpb_wrapper\">\n\t\t\t<p>\u017byjemy i pracujemy w dynamicznym \u015brodowisku. W MiniJob dok\u0142adamy wszelkich stara\u0144, aby skutecznie reagowa\u0107 na szybko zmieniaj\u0105cy si\u0119 wok\u00f3\u0142 nas \u015bwiat.<\/p>\n\n\t\t<\/div>\n\t<\/div>\n<h5 style=\"color: #5aac4e;text-align: left\" class=\"vc_custom_heading vc_custom_1601305600197\" >Szacunek<\/h5>\n\t<div class=\"wpb_text_column wpb_content_element\" >\n\t\t<div class=\"wpb_wrapper\">\n\t\t\t<p>We work together with honesty, respect and empathy for each other. This is the code that we also encourage our MiniJobbers and Customers to follow. Therefore, we refrain from making jokes or negative remarks or disrespect in any other way.<\/p>\n\n\t\t<\/div>\n\t<\/div>\n<h5 style=\"color: #5aac4e;text-align: left\" class=\"vc_custom_heading vc_custom_1601305607332\" >Aktywizacja zawodowa<\/h5>\n\t<div class=\"wpb_text_column wpb_content_element\" >\n\t\t<div class=\"wpb_wrapper\">\n\t\t\t<p>We believe in lifelong learning and the continuous opportunities that life offers us. We hope that with MiniJob you will also find new challenges and gain new valuable skills.<\/p>\n\n\t\t<\/div>\n\t<\/div>\n<\/div><\/div><\/div><\/div><\/div><\/div><\/div><\/div><\/div><div class=\"vc_row wpb_row vc_row-fluid vc_custom_1601312776799 vc_row-has-fill\"><div class=\"wpb_column vc_column_container vc_col-sm-12\"><div class=\"vc_column-inner\"><div class=\"wpb_wrapper\"><h3 style=\"color: #5aac4e;text-align: center\" class=\"vc_custom_heading\" >Co oferujemy?<\/h3><div class=\"container-boxed max\"><div class=\"vc_row wpb_row vc_inner vc_row-fluid\"><div class=\"wpb_column vc_column_container vc_col-sm-4\"><div class=\"vc_column-inner\"><div class=\"wpb_wrapper\"><h5 style=\"color: #5aac4e;text-align: left\" class=\"vc_custom_heading vc_custom_1662635652284\" >For MiniEmployers:<\/h5>\n\t<div class=\"wpb_text_column wpb_content_element\" >\n\t\t<div class=\"wpb_wrapper\">\n\t\t\t<p>czy jeste\u015b na co dzie\u0144 bardzo zaj\u0119ty i nie znajdujesz czasu na wykonanie prostych zada\u0144? W MiniJob mo\u017cesz szybko znale\u017a\u0107 kogo\u015b, kto zrobi to za Ciebie.<\/p>\n\n\t\t<\/div>\n\t<\/div>\n<\/div><\/div><\/div><div class=\"wpb_column vc_column_container vc_col-sm-4\"><div class=\"vc_column-inner\"><div class=\"wpb_wrapper\"><h5 style=\"color: #5aac4e;text-align: left\" class=\"vc_custom_heading vc_custom_1614269821173\" >For MiniJobbers:<\/h5>\n\t<div class=\"wpb_text_column wpb_content_element\" >\n\t\t<div class=\"wpb_wrapper\">\n\t\t\t<p>czy jeste\u015b bezrobotny, pracujesz dorywczo lub po prostu szukasz dodatkowej got\u00f3wki? W MiniJob mo\u017cesz \u0142atwo znale\u017a\u0107 zadanie, kt\u00f3re Ci odpowiada.<\/p>\n\n\t\t<\/div>\n\t<\/div>\n<\/div><\/div><\/div><div class=\"wpb_column vc_column_container vc_col-sm-4\"><div class=\"vc_column-inner\"><div class=\"wpb_wrapper\"><h5 style=\"color: #5aac4e;text-align: left\" class=\"vc_custom_heading vc_custom_1601312834923\" >MiniJob dba o wysok\u0105 jako\u015b\u0107 us\u0142ug, aby zapewni\u0107 bezpiecze\u0144stwo naszym u\u017cytkownikom.<\/h5><\/div><\/div><\/div><\/div><\/div><\/div><\/div><\/div><\/div>","protected":false},"excerpt":{"rendered":"What is our story? Our journey begun a few years ago while with a group of few friends we were having a party. Suddenly all the lights went off. After checking all the possibilities, trying to fix it, it turned out that we need a more qualified person to repair it. As it was a Sunday evening, we ended up","protected":false},"author":1,"featured_media":0,"parent":0,"menu_order":10,"comment_status":"closed","ping_status":"closed","template":"page-full-width.php","meta":{"inline_featured_image":false,"_monsterinsights_skip_tracking":false,"_monsterinsights_sitenote_active":false,"_monsterinsights_sitenote_note":"","_monsterinsights_sitenote_category":0,"footnotes":""},"class_list":["post-8640","page","type-page","status-publish","hentry","no-featured","has-left-col"],"_links":{"self":[{"href":"https:\/\/a-mini-job.com\/pl\/wp-json\/wp\/v2\/pages\/8640","targetHints":{"allow":["GET"]}}],"collection":[{"href":"https:\/\/a-mini-job.com\/pl\/wp-json\/wp\/v2\/pages"}],"about":[{"href":"https:\/\/a-mini-job.com\/pl\/wp-json\/wp\/v2\/types\/page"}],"author":[{"embeddable":true,"href":"https:\/\/a-mini-job.com\/pl\/wp-json\/wp\/v2\/users\/1"}],"replies":[{"embeddable":true,"href":"https:\/\/a-mini-job.com\/pl\/wp-json\/wp\/v2\/comments?post=8640"}],"version-history":[{"count":87,"href":"https:\/\/a-mini-job.com\/pl\/wp-json\/wp\/v2\/pages\/8640\/revisions"}],"predecessor-version":[{"id":15484,"href":"https:\/\/a-mini-job.com\/pl\/wp-json\/wp\/v2\/pages\/8640\/revisions\/15484"}],"wp:attachment":[{"href":"https:\/\/a-mini-job.com\/pl\/wp-json\/wp\/v2\/media?parent=8640"}],"curies":[{"name":"wp","href":"https:\/\/api.w.org\/{rel}","templated":true}]}}