{"id":5888,"date":"2016-04-26T09:44:50","date_gmt":"2016-04-26T09:44:05","guid":{"rendered":"http:\/\/wp.nootheme.com\/jobmonster\/dummy2\/?page_id=5888"},"modified":"2021-03-20T10:37:42","modified_gmt":"2021-03-20T10:37:42","slug":"jobseeker-packages","status":"publish","type":"page","link":"https:\/\/a-mini-job.com\/pl\/jobseeker-packages\/","title":{"rendered":"Pakiety dla MiniJobber\u00f3w"},"content":{"rendered":"<div class=\"vc_row wpb_row vc_row-fluid vc_custom_1595860141148\"><div class=\"wpb_column vc_column_container vc_col-sm-12\"><div class=\"vc_column-inner\"><div class=\"wpb_wrapper\"><div class=\"container-boxed max\"><div class=\"vc_row wpb_row vc_inner vc_row-fluid\"><div class=\"wpb_column vc_column_container vc_col-sm-12\"><div class=\"vc_column-inner\"><div class=\"wpb_wrapper\">\n\t<div class=\"wpb_text_column wpb_content_element\" >\n\t\t<div class=\"wpb_wrapper\">\n\t\t\t<h3 style=\"text-align: center;\">Our MiniJobber Packages<\/h3>\n<p style=\"text-align: center; font-style: italic;\">Zacznij pracowa\u0107 dzisiaj.<\/p>\n\n\t\t<\/div>\n\t<\/div>\n<div class=\"job-package clearfix\">\n\t\t\t\t\t\t<div class=\"noo-pricing-table classic row package-pricing style-2\">\n\t\t\t\t\t\t\t\t\t\t\t<div class=\"noo-pricing-column col-sm-6 col-md-12\">\n\t\t\t\t    <div class=\"pricing-content\">\n\t\t\t\t        <div class=\"pricing-header\">\n\t\t\t\t            <h2 class=\"pricing-title\">Free Promo<\/h2>\n\t\t\t\t            <h3 class=\"pricing-value\"><span class=\"noo-price\"><span class=\"woocommerce-Price-amount amount\"><span class=\"woocommerce-Price-currencySymbol\">&euro;<\/span>0.00<\/span><\/span><\/h3>\n\t\t\t\t        <\/div>\n\t\t\t\t        <div class=\"pricing-info\">\n\t\t\t\t            <ul class=\"noo-ul-icon fa-ul\">\n\t\t\t\t                                                                                \t\t\t\t                \t\t\t\t                \t<li class=\"noo-li-icon\"><i class=\"fa fa-check-circle\"><\/i> 1 resume posting<\/li>\n\t\t\t\t                \t\t\t\t                \n\t\t\t\t                \t\t\t    \t\t\t<li class=\"noo-li-icon\"><i class=\"fa fa-check-circle\"><\/i> View Unlimited Resumes<\/li>\n    \t\t    \t\t\t\t    \t\t\t<li class=\"noo-li-icon\"><i class=\"fa fa-check-circle\"><\/i> Apply for unlimited Jobs<\/li>\n    \t\t    \t\t\t\t\t            <\/ul>\n\t\t\t\t            \t\t\t\t             \n\t\t\t\t            \t<a href=\"javascript:void(0)\" class=\"readmore package-modal\" data-toggle=\"modal\" data-target=\"#package-content-15399\"><i class=\"fa fa-arrow-circle-right\"><\/i>Wi\u0119cej informacji<\/a>\n\t\t\t\t            \t\t\t\t        <\/div>\n                        \t\t\t\t        \t\t\t\t\t        \t\t\t\t\t\t        \t<div class=\"pricing-footer\">\n\t\t\t\t\t        \t\t<a class=\"btn btn-lg btn-primary\" data-id=\"0\" href=\"https:\/\/a-mini-job.com\/pl\/member\/?action=login\" data-package=\"15399\">Wybierz<\/a>\n\t\t\t\t\t        \t<\/div>\n\t\t\t\t\t\t\t \t\t\t\t\t\t\t\t\t\t         \n\t\t\t\t\t        <div id=\"package-content-15399\" class=\"package-content modal fade\" tabindex=\"-1\" role=\"dialog\" aria-labelledby=\"package-content-15399Label\" aria-hidden=\"true\">\n\t\t\t\t\t        \t<div class=\"modal-dialog package-modal\">\n\t\t\t\t\t        \t\t<div class=\"modal-content\">\n\t\t\t\t\t        \t\t\t<div class=\"modal-header\">\n\t\t\t\t\t        \t\t\t\t<button type=\"button\" class=\"close\" data-dismiss=\"modal\" aria-label=\"Close\"><span aria-hidden=\"true\">&times;<\/span><\/button>\n\t\t\t\t\t        \t\t\t\t<h2 class=\"modal-title\">Free Promo<\/h2>\n\t\t\t\t\t        \t\t\t<\/div>\n\t\t\t\t\t        \t\t\t<div class=\"modal-body\">\n\t\t\t\t\t        \t\t\t\t<div class=\"row\">\n\t\t\t\t\t        \t\t\t\t\t<div class=\"col-md-5 pricing-header\">\n\t\t\t\t\t\t\t\t\t            \t<h3 class=\"pricing-value\"><span class=\"noo-price\"><span class=\"woocommerce-Price-amount amount\"><span class=\"woocommerce-Price-currencySymbol\">&euro;<\/span>0.00<\/span><\/span><\/h3>\n\t\t\t\t\t\t\t\t\t            <\/div>\n\t\t\t\t\t\t\t\t\t            <div class=\"col-md-7 pull-right pricing-info\">\n\t\t\t\t\t\t\t\t\t            \t<ul class=\"noo-ul-icon fa-ul\">\n\t\t\t\t\t\t\t\t\t\t                \t\t\t\t\t\t\t\t\t\t                \t\t\t\t\t\t\t\t\t\t                \t<li class=\"noo-li-icon\"><i class=\"fa fa-check-circle\"><\/i> 1 resume posting<\/li>\n\t\t\t\t\t\t\t\t\t\t                \t\t\t\t                \t\t\t\t\t\t\t\t\t    \t\t\t<li class=\"noo-li-icon\"><i class=\"fa fa-check-circle\"><\/i> View Unlimited Resumes<\/li>\n    \t\t    \t\t\t\t    \t\t\t<li class=\"noo-li-icon\"><i class=\"fa fa-check-circle\"><\/i> Apply for unlimited Jobs<\/li>\n    \t\t    \t\t\t\t\t\t\t\t\t\t\t            <\/ul>\n\t\t\t\t\t\t\t\t\t            <\/div>\n\t\t\t\t\t\t\t\t\t            <div class=\"col-md-12 package-content\">\n\t\t\t\t\t        \t\t\t\t\t\tTen pakiet umo\u017cliwia osobie poszukuj\u0105cej pracy tworzenie i reklamowanie CV \/ \u017cyciorysu dla pracodawc\u00f3w. Ten pakiet umo\u017cliwia osobie poszukuj\u0105cej pracy sk\u0142adanie wniosk\u00f3w i przegl\u0105danie nieograniczonej liczby ofert pracy i przez nieograniczony czas. Aby uzyska\u0107 dodatkowe funkcje, subskrybuj inny pakiet dla os\u00f3b poszukuj\u0105cych pracy, kt\u00f3ry jest odpowiedni dla Twoich potrzeb. Dane kontaktowe Osoby poszukuj\u0105cej pracy NIE s\u0105 dost\u0119pne dla wszystkich, chyba \u017ce ubiegasz si\u0119 o prac\u0119 lub Pracodawca naby\u0142 pakiet Kontakt.\t\t\t\t\t        \t\t\t\t\t<\/div>\n\t\t\t\t\t\t\t\t\t        <\/div>\n\t\t\t\t\t        \t\t\t<\/div>\n\t\t\t\t\t        \t\t\t<div class=\"modal-footer\">\n\t\t\t\t\t\t        \t\t\t<a class=\"btn btn-lg btn-primary\" data-id=\"0\" href=\"https:\/\/a-mini-job.com\/pl\/member\/package-checkout\/?product_id=15399\" data-package=\"15399\">Wybierz<\/a>\n\t\t\t\t\t        \t\t\t<\/div>\n\t\t\t\t\t        \t\t<\/div>\n\t\t\t\t\t        \t<\/div>\n\t\t\t\t\t        <\/div>\n\t\t\t\t\t    \t\t\t\t    <\/div>\n\t\t\t\t<\/div>\n\t\t\t\t\t\t<script>\n\t\t\t<\/script>\n\t\t<\/div>\n\t<\/div>\n<\/div><\/div><\/div><\/div><\/div><\/div><\/div><\/div><\/div>","protected":false},"excerpt":{"rendered":"Our MiniJobber Packages Start working today. Free Promo &euro;0.00 1 resume posting View Unlimited Resumes Apply for unlimited Jobs More info Select &times; Free Promo &euro;0.00 1 resume posting View Unlimited Resumes Apply for unlimited Jobs This package enables a Tasker to create and advertise their resume\/Bio for Customers to view. This package allows the Tasker to apply and view","protected":false},"author":1,"featured_media":0,"parent":0,"menu_order":3,"comment_status":"closed","ping_status":"closed","template":"page-full-width.php","meta":{"inline_featured_image":false,"_monsterinsights_skip_tracking":false,"_monsterinsights_sitenote_active":false,"_monsterinsights_sitenote_note":"","_monsterinsights_sitenote_category":0,"footnotes":""},"class_list":["post-5888","page","type-page","status-publish","hentry","no-featured","has-left-col"],"_links":{"self":[{"href":"https:\/\/a-mini-job.com\/pl\/wp-json\/wp\/v2\/pages\/5888","targetHints":{"allow":["GET"]}}],"collection":[{"href":"https:\/\/a-mini-job.com\/pl\/wp-json\/wp\/v2\/pages"}],"about":[{"href":"https:\/\/a-mini-job.com\/pl\/wp-json\/wp\/v2\/types\/page"}],"author":[{"embeddable":true,"href":"https:\/\/a-mini-job.com\/pl\/wp-json\/wp\/v2\/users\/1"}],"replies":[{"embeddable":true,"href":"https:\/\/a-mini-job.com\/pl\/wp-json\/wp\/v2\/comments?post=5888"}],"version-history":[{"count":10,"href":"https:\/\/a-mini-job.com\/pl\/wp-json\/wp\/v2\/pages\/5888\/revisions"}],"predecessor-version":[{"id":15402,"href":"https:\/\/a-mini-job.com\/pl\/wp-json\/wp\/v2\/pages\/5888\/revisions\/15402"}],"wp:attachment":[{"href":"https:\/\/a-mini-job.com\/pl\/wp-json\/wp\/v2\/media?parent=5888"}],"curies":[{"name":"wp","href":"https:\/\/api.w.org\/{rel}","templated":true}]}}