{"id":3,"date":"2020-06-09T16:54:50","date_gmt":"2020-06-09T15:54:48","guid":{"rendered":"https:\/\/notchdesign.co.uk\/demo-mini-jobs\/?page_id=3"},"modified":"2021-01-11T18:47:49","modified_gmt":"2021-01-11T18:47:49","slug":"privacy-policy","status":"publish","type":"page","link":"https:\/\/a-mini-job.com\/pl\/privacy-policy\/","title":{"rendered":"Polityka Prywatno\u015bci"},"content":{"rendered":"<div class=\"vc_row wpb_row vc_row-fluid priv-pol\"><div class=\"wpb_column vc_column_container vc_col-sm-12\"><div class=\"vc_column-inner\"><div class=\"wpb_wrapper\">\n\t<div class=\"wpb_text_column wpb_content_element\" >\n\t\t<div class=\"wpb_wrapper\">\n\t\t\t<p>Obowi\u0105zuje od 1 wrze\u015bnia 2020 r.<\/p>\n<p>Administrator serwisu MiniJobs, kt\u00f3rym jest Izabela Komorowska, prowadz\u0105ca dzia\u0142alno\u015b\u0107 gospodarcz\u0105 pod nazw\u0105: IK Consulting Izabela Komorowska, adres: ul. Ostrobramska 132 \/ 26, 04-026 Warszawa, NIP: 8371539312, REGON: 142245830 (Administrator), dok\u0142ada wszelkich stara\u0144, aby zapewni\u0107 ochron\u0119 i bezpiecze\u0144stwo prywatno\u015bci u\u017cytkownik\u00f3w korzystaj\u0105cych z tego serwisu poprzez wykorzystywanie danych osobowych, kt\u00f3re s\u0105 zbierane i przetwarzane zgodnie z przepisami prawa, a tak\u017ce poszanowaniem podstawowych praw i wolno\u015bci os\u00f3b, kt\u00f3rych dane dotycz\u0105.<\/p>\n<p>The Privacy Policy defines the methods and purposes of collecting and processing personal data and informs about the rights of users to ensure the proper processing of personal data in accordance with the provisions of Regulation (EU) 2016\/679 of the European Parliament and of the Council of 27 April 2016 on the protection of individuals in connection with the processing of personal data and on the free movement of such data, and repealing Directive 95\/46 \/ EC (Journal of Laws EU L.2016.119.1) (hereinafter referred to as the GDPR).<\/p>\n<p>Kontakt z administratorem danych osobowych jest mo\u017cliwy:<\/p>\n<ol>\n<li>e-mail: admin@a-mini-job.com<\/li>\n<li>za po\u015brednictwem formularza kontaktowego<\/li>\n<\/ol>\n<h4><strong>Definicje<\/strong><\/h4>\n<p class=\"translation-block\">Administrator danych osobowych - Administrator\n<strong>Serwis internetowy<\/strong> \u2013 serwis internetowy nale\u017c\u0105cy do IK Consulting Izabela Komorowska. Serwis umieszczony jest pod nast\u0119puj\u0105cym adresem: www.a-mini-job.com.<\/p>\n<p class=\"translation-block\">Administrator danych osobowych - Administrator<br \/>\n  <strong>Serwis internetowy<\/strong> \u2013 serwis internetowy nale\u017c\u0105cy do IK Consulting Izabela Komorowska. Serwis umieszczony jest pod nast\u0119puj\u0105cym adresem: www.a-mini-job.com.<br \/>\n  <strong>Konto<\/strong> \u2013 zbi\u00f3r informacji i ustawie\u0144 utworzonych dla U\u017cytkownika w ramach Serwisu, pozwalaj\u0105cych mu na korzystanie z funkcjonalno\u015bci Serwisu.<br \/>\n  <strong>U\u017cytkownik<\/strong> \u2013 pe\u0142noletnia osoba fizyczna, kt\u00f3ra zarejestrowa\u0142a si\u0119 w Serwisie i korzysta z us\u0142ug \u015bwiadczonych w ramach Serwisu.<br \/>\n  <strong>U\u017cytkownik niezalogowany<\/strong> \u2013 pe\u0142noletnia osoba fizyczna, korzystaj\u0105ca z us\u0142ug Serwisu, kt\u00f3re nie wymagaj\u0105 za\u0142o\u017cenia konta.<br \/>\n<strong>Profil \u2013 <\/strong>informacja dost\u0119pna w Serwisie dotycz\u0105ca Us\u0142ugodawcy lub Klienta;<\/a><br \/>\n  <strong>Us\u0142ugodawca \u2013 <\/strong>U\u017cytkownik, kt\u00f3ry \u015bwiadczy Us\u0142ugi wskazane w ramach Profilu;<br \/>\n  <strong>Klient \u2013 <\/strong>U\u017cytkownik, kt\u00f3ry umie\u015bci\u0142 Zapytanie w celu znalezienia Wykonawcy do wykonania okre\u015blonej Us\u0142ugi; <br \/>\n  <strong>Pliki cookies<\/strong> - niewielkie pliki tekstowe zapisywane przez serwer Serwisu, po kt\u00f3rym porusza si\u0119 w danej U\u017cytkownik lub U\u017cytkownik niezalogowany. S\u0142u\u017c\u0105 one identyfikacji przegl\u0105darki U\u017cytkownika\/U\u017cytkownika niezalogowanego podczas korzystania z Serwisu.<br \/>\n  <strong>Polityka Prywatno\u015bci<\/strong> \u2013 niniejszy dokument.<\/p>\n<h4><strong>Zakres, cele zbierania i przetwarzania danych osobowych<\/strong><\/h4>\n<h5 style=\"margin-bottom: 0px !important;\"><strong>1. W zakresie aktywacji i prowadzenia konta U\u017cytkownika w Serwisie:<\/strong><\/h5>\n<ol type=\"a\">\n<li>szczeg\u00f3\u0142y konta - imi\u0119 i nazwisko, nazwa u\u017cytkownika, has\u0142o, zdj\u0119cie profilowe<\/li>\n<li>dane kontaktowe - adres e-mail, numer telefonu kom\u00f3rkowego<\/li>\n<li>szczeg\u00f3\u0142y lokalizacji w zale\u017cno\u015bci od ustawie\u0144 prywatno\u015bci - adres fizyczny, adres rozliczeniowy, strefa czasowa<\/li>\n<li>tre\u015bci u\u017cytkownik\u00f3w - dane zapisane w formularzu rejestracyjnym<\/li>\n<li>dane dotycz\u0105ce otrzymanych i wystawionych opinii od\/dla Klient\u00f3w\/Us\u0142.ugodawc\u00f3w<\/li>\n<\/ol>\n<h5 style=\"margin-bottom: 0px !important;\"><strong>2. W zakresie us\u0142ug niewymagaj\u0105cych za\u0142o\u017cenia konta w Serwisie (U\u017cytkownik niezalogowany):<\/strong><\/h5>\n<ol type=\"a\">\n<li>dane dotycz\u0105ce aktywno\u015bci w Serwisie<\/li>\n<li>dane urz\u0105dzenia tj. wersja systemu operacyjnego<\/li>\n<li>informacje o lokalizacji w zale\u017cno\u015bci od ustawie\u0144 prywatno\u015bci.<\/li>\n<\/ol>\n<h5 style=\"margin-bottom: 0px !important;\"><strong>3. W zakresie udost\u0119pnienia danych zleceniodawcom do cel\u00f3w prowadzenia przez nich rekrutacji:<\/strong><\/h5>\n<ol type=\"a\">\n<li>dane zapisane w profilu U\u017cytkownika<\/li>\n<li>inne przekazane przez U\u017cytkownika informacje.<\/li>\n<\/ol>\n<h5 style=\"margin-bottom: 0px !important;\"><strong>4. W zakresie marketingu: <\/strong><\/h5>\n<ol type=\"a\">\n<li>adres e-mail celem wysy\u0142ania powiadomie\u0144 o nowych ofertach<\/li>\n<li>adres e-mail, z kt\u00f3rego zasubskrybowano newslettera.<\/li>\n<\/ol>\n<h5 style=\"margin-bottom: 0px !important;\"><strong>5. W zakresie reklamacji oraz zapyta\u0144 kierowanych do administratora:<\/strong><\/h5>\n<ol type=\"a\">\n<li>dane osobowe podane przez U\u017cytkownika w formularzu rejestracyjnym.<\/li>\n<\/ol>\n<p>Providing some data is a necessary condition for using individual services and functionality of the Account (mandatory data). Apart from the data marked as obligatory, providing other personal data is voluntary. The consequence of not providing the obligatory data is the inability to use the functionalities and services that require this data.<\/p>\n<p>Website uses cookies to collect general, statistical information about the user&#8217;s use of the website, and to provide personalized services and content. The User \/ User not logged in may block the use of these files, however, disabling cookies in the browser may result in some parts of the Website becoming inaccessible or may not function properly.<\/p>\n<h4><strong>Okres przechowywania danych osobowych<\/strong><\/h4>\n<p>Dane osobowe U\u017cytkownik\u00f3w przechowywane s\u0105 przez okres posiadania Konta w Serwisie dla cel\u00f3w realizacji us\u0142ugi Konta oraz innych us\u0142ug, jak r\u00f3wnie\u017c do cel\u00f3w marketingowych oraz w ramach wype\u0142niania obowi\u0105zk\u00f3w prawnych, podatkowo-ksi\u0119gowych lub dla cel\u00f3w sprawozdawczych.<\/p>\n<p>After deleting the Account, the User&#8217;s personal data will be anonymized, except for the following data: name, surname, e-mail address and information about the consent. The above data will be stored for the purpose of possible claims, evidence and consideration of complaints and requests as well as complaints for no longer than 3 years. After this period, the data is removed from the administrator&#8217;s file.<\/p>\n<p>Dane osobowe U\u017cytkownik\u00f3w oraz U\u017cytkownik\u00f3w niezalogowanych zawarte w plikach cookies s\u0105 przechowywane przez czas odpowiadaj\u0105cy cyklowi \u017cycia plik\u00f3w cookies lub do czasu ich usuni\u0119cia przez U\u017cytkownik\u00f3w\/U\u017cytkownik\u00f3w niezalogowanych.<\/p>\n<h4><strong>Udost\u0119pnianie danych osobowych<\/strong><\/h4>\n<p>Dane przekazywane przez U\u017cytkownik\u00f3w w ramach \u015bwiadczonych us\u0142ug nie b\u0119d\u0105 udost\u0119pniane osobom trzecim ani firmom, z wyj\u0105tkiem danych przekazywanych na potrzeby rekrutacji, w celu umo\u017cliwienia kontaktu Klient\u00f3w z potencjalnymi Us\u0142ugodawcami.<\/p>\n<p>Wyj\u0105tek stanowi\u0105:<\/p>\n<ul>\n<li>podmioty, kt\u00f3rych prawo dost\u0119pu do danych wynika z przepis\u00f3w prawa<\/li>\n<li>dostawcy \u015bwiadcz\u0105cy us\u0142ugi IT niezb\u0119dne do prowadzeniu Serwisu. Dostawcy us\u0142ug podlegaj\u0105 kontroli administratora i poleceniom co do cel\u00f3w i sposob\u00f3w przetwarzania tych danych, np. us\u0142ugi hostingu w chmurze, pami\u0119ci masowej, sieci i powi\u0105zanych dostawc\u00f3w.<\/li>\n<\/ul>\n<h4><strong>Prawa U\u017cytkownika w zwi\u0105zku z przetwarzaniem danych <\/strong><\/h4>\n<h5 style=\"margin-bottom: -10px !important;\"><strong>1. Wycofywanie zgody<\/strong><\/h5>\n<p>U\u017cytkownik ma prawo wycofa\u0107 zgod\u0119 w dowolnym momencie, je\u017celi przetwarzanie odbywa si\u0119 na podstawie zgody na przetwarzanie danych. Wycofanie zgody nie ma wp\u0142ywu na zgodno\u015b\u0107 z prawem przetwarzania, kt\u00f3re mia\u0142o miejsce przed wycofaniem.<\/p>\n<h5 style=\"margin-bottom: -10px !important;\"><strong>2. Prawo dost\u0119pu do danych <\/strong><\/h5>\n<p>U\u017cytkownik ma prawo uzyskania dost\u0119pu do swoich danych osobowych oraz uzyskania kopii tych danych w celu weryfikacji, czy s\u0105 przetwarzane zgodnie z prawem.<\/p>\n<h5 style=\"margin-bottom: -10px !important;\"><strong>3. Prawo do aktualizacji i sprostowania danych<\/strong><\/h5>\n<p>U\u017cytkownik ma prawo do aktualizacji i sprostowania podanych przez siebie danych osobowych.<\/p>\n<h5 style=\"margin-bottom: -10px !important;\"><strong>4. Prawo do ograniczenia przetwarzania danych<\/strong><\/h5>\n<p>U\u017cytkownik ma prawo do \u017c\u0105dania ograniczenia przetwarzania danych osobowych w nast\u0119puj\u0105cych sytuacjach:<\/p>\n<ol type=\"a\">\n<li>zakwestionowania prawid\u0142owo\u015bci danych osobowych<\/li>\n<li>ustania cel\u00f3w przetwarzania danych za wyj\u0105tkiem ustalenia, dochodzenia lub obrony przed roszczeniami<\/li>\n<li>sprzeciwu wobec wykorzystania danych<\/li>\n<li>przetwarzania danych niezgodne z prawem.<br \/>\nW przypadku zg\u0142oszenia \u017c\u0105dania administrator wstrzyma dalsze przetwarzanie danych do czasu rozpatrzenia \u017c\u0105dania U\u017cytkownika.<\/li>\n<\/ol>\n<h5 style=\"margin-bottom: -10px !important;\"><strong>5. Prawo do sprzeciwu wobec wykorzystania danych<\/strong><\/h5>\n<p>U\u017cytkownik ma prawo w dowolnym momencie wnie\u015b\u0107 sprzeciw wobec przetwarzania jego danych osobowych, je\u017celi administrator przetwarza dane w oparciu o przes\u0142ank\u0119 prawnie uzasadnionego interesu.<\/p>\n<h5 style=\"margin-bottom: -10px !important;\"><strong>6. Prawo do usuni\u0119cia danych<\/strong><\/h5>\n<p>U\u017cytkownik ma prawo do \u017c\u0105dania usuni\u0119cia wszystkich lub niekt\u00f3rych danych osobowych w przypadku, gdy:<\/p>\n<ol type=\"a\">\n<li>przesta\u0142y by\u0107 niezb\u0119dne do cel\u00f3w, w kt\u00f3rych zosta\u0142y zebrane lub w kt\u00f3rych by\u0142y przetwarzane<\/li>\n<li>wycofa\u0142 zgod\u0119, je\u015bli dane osobowe by\u0142y przetwarzane w oparciu o jego zgod\u0119<\/li>\n<li>skutecznie zrealizowa\u0142 sprzeciw wobec wykorzystywania danych<\/li>\n<li>dane osobowe s\u0105 przetwarzane niezgodnie z prawem.<\/li>\n<\/ol>\n<h5 style=\"margin-bottom: -10px !important;\"><strong>7. Prawo do przenoszenia danych<\/strong><\/h5>\n<p>U\u017cytkownik ma prawo \u017c\u0105dania, aby jego dane osobowe zosta\u0142y przes\u0142ane przez Administratora do innego, wybranego przez siebie, administratora danych osobowych. Dane osobowe zostan\u0105 wys\u0142ane w ustrukturyzowanym, powszechnie u\u017cywanym formacie nadaj\u0105cym si\u0119 do odczytu maszynowego.<\/p>\n\n\t\t<\/div>\n\t<\/div>\n<\/div><\/div><\/div><\/div>","protected":false},"excerpt":{"rendered":"Effective as of 1st of September 2020 The administrator of the MiniJob website, Izabela Komorowska, conducting business under the name IK Consulting Izabela Komorowska, based in Warsaw (04-026), Ostrobramska Street, 132 \/ 26, NIP: 8371539312, REGON: 142245830 makes every effort to ensure the protection and security of the privacy of users using this website by using personal data that is","protected":false},"author":1,"featured_media":0,"parent":0,"menu_order":5,"comment_status":"closed","ping_status":"open","template":"","meta":{"inline_featured_image":false,"_monsterinsights_skip_tracking":false,"_monsterinsights_sitenote_active":false,"_monsterinsights_sitenote_note":"","_monsterinsights_sitenote_category":0,"footnotes":""},"class_list":["post-3","page","type-page","status-publish","hentry","no-featured","has-left-col"],"_links":{"self":[{"href":"https:\/\/a-mini-job.com\/pl\/wp-json\/wp\/v2\/pages\/3","targetHints":{"allow":["GET"]}}],"collection":[{"href":"https:\/\/a-mini-job.com\/pl\/wp-json\/wp\/v2\/pages"}],"about":[{"href":"https:\/\/a-mini-job.com\/pl\/wp-json\/wp\/v2\/types\/page"}],"author":[{"embeddable":true,"href":"https:\/\/a-mini-job.com\/pl\/wp-json\/wp\/v2\/users\/1"}],"replies":[{"embeddable":true,"href":"https:\/\/a-mini-job.com\/pl\/wp-json\/wp\/v2\/comments?post=3"}],"version-history":[{"count":10,"href":"https:\/\/a-mini-job.com\/pl\/wp-json\/wp\/v2\/pages\/3\/revisions"}],"predecessor-version":[{"id":15372,"href":"https:\/\/a-mini-job.com\/pl\/wp-json\/wp\/v2\/pages\/3\/revisions\/15372"}],"wp:attachment":[{"href":"https:\/\/a-mini-job.com\/pl\/wp-json\/wp\/v2\/media?parent=3"}],"curies":[{"name":"wp","href":"https:\/\/api.w.org\/{rel}","templated":true}]}}