{"id":14393,"date":"2020-07-19T12:13:45","date_gmt":"2020-07-19T11:13:45","guid":{"rendered":"https:\/\/a-mini-job.com\/?page_id=14393"},"modified":"2022-09-08T13:39:00","modified_gmt":"2022-09-08T12:39:00","slug":"frequently-asked-questions","status":"publish","type":"page","link":"https:\/\/a-mini-job.com\/pl\/frequently-asked-questions\/","title":{"rendered":"Centrum Pomocy"},"content":{"rendered":"<div class=\"container-boxed max\"><div class=\"vc_row wpb_row vc_row-fluid vc_custom_1521258735602\"><div class=\"wpb_column vc_column_container vc_col-sm-8\"><div class=\"vc_column-inner\"><div class=\"wpb_wrapper\">\n\t<div class=\"wpb_text_column wpb_content_element\" >\n\t\t<div class=\"wpb_wrapper\">\n\t\t\t<h3>Og\u00f3lne<\/h3>\n\n\t\t<\/div>\n\t<\/div>\n<div  class=\"vc_toggle vc_toggle_default vc_toggle_color_default  vc_toggle_size_md vc_toggle_active\"><div class=\"vc_toggle_title\"><h5 style=\"color: #5aac4e;text-align: left\" class=\"vc_custom_heading\" >Czy rejestracja jest obowi\u0105zkowa?<\/h5><i class=\"vc_toggle_icon\"><\/i><\/div><div class=\"vc_toggle_content\"><p>Yes. Only registered members can use MiniJob to its full extent.<\/p>\n<\/div><\/div><div  class=\"vc_toggle vc_toggle_default vc_toggle_color_default  vc_toggle_size_md\"><div class=\"vc_toggle_title\"><h5 style=\"color: #5aac4e;text-align: left\" class=\"vc_custom_heading\" >Jak si\u0119 zarejestrowa\u0107?<\/h5><i class=\"vc_toggle_icon\"><\/i><\/div><div class=\"vc_toggle_content\"><p>In order to register on the MiniJob website, fill in the appropriate form, respectively: &#8220;I&#8217;m a MiniJobber&#8221; for a person searching for a task or &#8220;I&#8217;m a MiniEmployer&#8221; for a person offering a task. After correctly filling in the form and pressing the &#8220;register&#8221; button, you will receive an e-mail to the e-mail address provided in the form, asking you to confirm your account registration. After confirmation, you will be a registered user of the MiniJob website.<\/p>\n<\/div><\/div><div  class=\"vc_toggle vc_toggle_default vc_toggle_color_default  vc_toggle_size_md\"><div class=\"vc_toggle_title\"><h5 style=\"color: #5aac4e;text-align: left\" class=\"vc_custom_heading\" >Can I be a MiniJobber and a MiniEmployer at the same time?<\/h5><i class=\"vc_toggle_icon\"><\/i><\/div><div class=\"vc_toggle_content\"><p>Yes, you can be both. However, you will need to create separate accounts.<\/p>\n<\/div><\/div><div  class=\"vc_toggle vc_toggle_default vc_toggle_color_default  vc_toggle_size_md\"><div class=\"vc_toggle_title\"><h5 style=\"color: #5aac4e;text-align: left\" class=\"vc_custom_heading\" >Co zrobi\u0107, je\u015bli zapomnia\u0142em has\u0142a?<\/h5><i class=\"vc_toggle_icon\"><\/i><\/div><div class=\"vc_toggle_content\"><p>Je\u015bli nie pami\u0119tasz swojego has\u0142a, wystarczy, \u017ce skorzystasz z opcji \"Przypomnienie has\u0142a\" dost\u0119pnego na stronie logowania. W formularzu wpisz sw\u00f3j adres e-mail, kt\u00f3ry poda\u0142e\u015b podczas rejestracji, a nast\u0119pnie kliknij \"Wy\u015blij\".  Wkr\u00f3tce otrzymasz wiadomo\u015b\u0107 z instrukcjami dotycz\u0105cymi sposobu zresetowania swojego has\u0142a.<\/p>\n<\/div><\/div><div  class=\"vc_toggle vc_toggle_default vc_toggle_color_default  vc_toggle_size_md\"><div class=\"vc_toggle_title\"><h5 style=\"color: #5aac4e;text-align: left\" class=\"vc_custom_heading\" >Jak zmieni\u0107 has\u0142o albo moje dane?<\/h5><i class=\"vc_toggle_icon\"><\/i><\/div><div class=\"vc_toggle_content\"><p>You can change your password and modify the data you have entered as part of your account on MiniJobs at any time.<\/p>\n<p>Aby zmieni\u0107 has\u0142o wystarczy, je\u015bli zalogujesz si\u0119 i wybierzesz opcj\u0119 \"Zmiana has\u0142a\" dost\u0119pn\u0105 w menu. Nast\u0119pnie podaj nowe has\u0142o i powt\u00f3rz je, a nast\u0119pnie kliknij \"Zapisz\". Nowe has\u0142o jest ju\u017c aktywne.<\/p>\n<p>Aby zmodyfikowa\u0107 dane, po zalogowaniu do konta wybierz opcj\u0119 \u201eEdycja danych\". Teraz masz mo\u017cliwo\u015b\u0107 wprowadzenia zmian. W celu ich zapisania kliknij \"Zapisz\".<\/p>\n<\/div><\/div><div  class=\"vc_toggle vc_toggle_default vc_toggle_color_default  vc_toggle_size_md\"><div class=\"vc_toggle_title\"><h5 style=\"color: #5aac4e;text-align: left\" class=\"vc_custom_heading\" >How can I delete my account from MiniJobs?<\/h5><i class=\"vc_toggle_icon\"><\/i><\/div><div class=\"vc_toggle_content\"><p>You can fully cancel your registration at any time. To close your account click on the &#8220;delete account&#8221; option in the &#8220;my account&#8221; tab. After clicking a confirmation window will appear. If you are sure to close your account, click OK. This way you will unsubscribe from all MiniJob services.<\/p>\n<p>These changes are irreversible and in order to use the MiniJob website again you will need to go through the registration process.<\/p>\n<\/div><\/div><div  class=\"vc_toggle vc_toggle_default vc_toggle_color_default  vc_toggle_size_md\"><div class=\"vc_toggle_title\"><h5 style=\"color: #5aac4e;text-align: left\" class=\"vc_custom_heading\" >Jak utworzy\u0107 powiadomienia o ofertach?<\/h5><i class=\"vc_toggle_icon\"><\/i><\/div><div class=\"vc_toggle_content\"><p>Je\u017celi chcesz otrzymywa\u0107 powiadomienia e-mail za ka\u017cdym razem, kiedy pojawi\u0105 si\u0119 nowe oferty, mo\u017cesz utworzy\u0107 powiadomienie odpowiadaj\u0105ce Twoim kryteriom. Powiadomienia z nowymi ofertami b\u0119d\u0105 wysy\u0142ane codziennie lub raz w tygodniu, w zale\u017cno\u015bci od Twoich preferencji.<\/p>\n<p>Aby utworzy\u0107 alert, odwied\u017a stron\u0119 MinJobs.pl i w zak\u0142adce \"Moje konto\u201d przeprowad\u017a wyszukiwanie.<\/p>\n<p>Po przeprowadzeniu wyszukiwania, kliknij \u201eOtrzymuj powiadomienia\u201d w prawym g\u00f3rnym rogu strony. Podaj sw\u00f3j adres e-mail i kliknij przycisk \u201eZapisz\u201d. Po aktywacji powiadomienia, wy\u015blemy Ci e-mail z ofertami pracy w przeci\u0105gu 24 godzin.<\/p>\n<\/div><\/div><\/div><\/div><\/div><div class=\"wpb_column vc_column_container vc_col-sm-4\"><div class=\"vc_column-inner\"><div class=\"wpb_wrapper\"><div class=\"wpb_gallery wpb_content_element vc_clearfix vc_custom_1477908973524\" ><div class=\"wpb_wrapper\"><div class=\"wpb_gallery_slides wpb_flexslider flexslider_fade flexslider\" data-interval=\"3\" data-flex_fx=\"fade\"><ul class=\"slides\"><li><img loading=\"lazy\" decoding=\"async\" width=\"1279\" height=\"1277\" src=\"https:\/\/a-mini-job.com\/wp-content\/uploads\/2015\/02\/candidate_02.jpg\" class=\"attachment-full\" alt=\"\" srcset=\"https:\/\/a-mini-job.com\/wp-content\/uploads\/2015\/02\/candidate_02.jpg 1279w, https:\/\/a-mini-job.com\/wp-content\/uploads\/2015\/02\/candidate_02-300x300.jpg 300w, https:\/\/a-mini-job.com\/wp-content\/uploads\/2015\/02\/candidate_02-100x100.jpg 100w, https:\/\/a-mini-job.com\/wp-content\/uploads\/2015\/02\/candidate_02-600x599.jpg 600w, https:\/\/a-mini-job.com\/wp-content\/uploads\/2015\/02\/candidate_02-1024x1022.jpg 1024w, https:\/\/a-mini-job.com\/wp-content\/uploads\/2015\/02\/candidate_02-150x150.jpg 150w, https:\/\/a-mini-job.com\/wp-content\/uploads\/2015\/02\/candidate_02-768x767.jpg 768w, https:\/\/a-mini-job.com\/wp-content\/uploads\/2015\/02\/candidate_02-200x200.jpg 200w, https:\/\/a-mini-job.com\/wp-content\/uploads\/2015\/02\/candidate_02-252x252.jpg 252w\" sizes=\"auto, (max-width: 1279px) 100vw, 1279px\" \/><\/li><li><img loading=\"lazy\" decoding=\"async\" width=\"1077\" height=\"1078\" src=\"https:\/\/a-mini-job.com\/wp-content\/uploads\/2015\/02\/candidate_03.jpg\" class=\"attachment-full\" alt=\"\" srcset=\"https:\/\/a-mini-job.com\/wp-content\/uploads\/2015\/02\/candidate_03.jpg 1077w, https:\/\/a-mini-job.com\/wp-content\/uploads\/2015\/02\/candidate_03-300x300.jpg 300w, https:\/\/a-mini-job.com\/wp-content\/uploads\/2015\/02\/candidate_03-100x100.jpg 100w, https:\/\/a-mini-job.com\/wp-content\/uploads\/2015\/02\/candidate_03-600x601.jpg 600w, https:\/\/a-mini-job.com\/wp-content\/uploads\/2015\/02\/candidate_03-1024x1024.jpg 1024w, https:\/\/a-mini-job.com\/wp-content\/uploads\/2015\/02\/candidate_03-150x150.jpg 150w, https:\/\/a-mini-job.com\/wp-content\/uploads\/2015\/02\/candidate_03-768x769.jpg 768w, https:\/\/a-mini-job.com\/wp-content\/uploads\/2015\/02\/candidate_03-200x200.jpg 200w, https:\/\/a-mini-job.com\/wp-content\/uploads\/2015\/02\/candidate_03-252x252.jpg 252w\" sizes=\"auto, (max-width: 1077px) 100vw, 1077px\" \/><\/li><li><img loading=\"lazy\" decoding=\"async\" width=\"708\" height=\"708\" src=\"https:\/\/a-mini-job.com\/wp-content\/uploads\/2015\/02\/candidate_01.jpg\" class=\"attachment-full\" alt=\"\" srcset=\"https:\/\/a-mini-job.com\/wp-content\/uploads\/2015\/02\/candidate_01.jpg 708w, https:\/\/a-mini-job.com\/wp-content\/uploads\/2015\/02\/candidate_01-300x300.jpg 300w, https:\/\/a-mini-job.com\/wp-content\/uploads\/2015\/02\/candidate_01-100x100.jpg 100w, https:\/\/a-mini-job.com\/wp-content\/uploads\/2015\/02\/candidate_01-600x600.jpg 600w, https:\/\/a-mini-job.com\/wp-content\/uploads\/2015\/02\/candidate_01-150x150.jpg 150w, https:\/\/a-mini-job.com\/wp-content\/uploads\/2015\/02\/candidate_01-200x200.jpg 200w, https:\/\/a-mini-job.com\/wp-content\/uploads\/2015\/02\/candidate_01-252x252.jpg 252w\" sizes=\"auto, (max-width: 708px) 100vw, 708px\" \/><\/li><\/ul><\/div><\/div><\/div><\/div><\/div><\/div><\/div><\/div><div class=\"container-boxed max\"><div class=\"vc_row wpb_row vc_row-fluid vc_custom_1521258735602\"><div class=\"wpb_column vc_column_container vc_col-sm-8\"><div class=\"vc_column-inner\"><div class=\"wpb_wrapper\">\n\t<div class=\"wpb_text_column wpb_content_element\" >\n\t\t<div class=\"wpb_wrapper\">\n\t\t\t<h3>For the MiniJobber<\/h3>\n\n\t\t<\/div>\n\t<\/div>\n<div  class=\"vc_toggle vc_toggle_default vc_toggle_color_default  vc_toggle_size_md\"><div class=\"vc_toggle_title\"><h5 style=\"color: #5aac4e;text-align: left\" class=\"vc_custom_heading\" >Jak wyszuka\u0107 interesuj\u0105ce mnie og\u0142oszenia?<\/h5><i class=\"vc_toggle_icon\"><\/i><\/div><div class=\"vc_toggle_content\"><p>Wystarczy wpisa\u0107 w wyszukiwarce lokalizacj\u0119 oraz wybra\u0107 interesuj\u0105c\u0105 kategori\u0119. Nast\u0119pnie kliknij przycisk \"Szukaj\", aby wy\u015bwietli\u0107 oferty.<\/p>\n<p>Je\u015bli chcesz zaw\u0119zi\u0107 poszukiwania do konkretnego stanowiska lub firmy u\u017cyj funkcji \"Wyszukiwania zaawansowanego\".<\/p>\n<\/div><\/div><div  class=\"vc_toggle vc_toggle_default vc_toggle_color_default  vc_toggle_size_md\"><div class=\"vc_toggle_title\"><h5 style=\"color: #5aac4e;text-align: left\" class=\"vc_custom_heading\" >How to save interesting offers?<\/h5><i class=\"vc_toggle_icon\"><\/i><\/div><div class=\"vc_toggle_content\"><p>If you have found an interesting offer that you would like to read later, click on the &#8220;Save&#8221; button below the offer. You can find offers in &#8220;My favourite offers&#8221; section.<\/p>\n<\/div><\/div><div  class=\"vc_toggle vc_toggle_default vc_toggle_color_default  vc_toggle_size_md\"><div class=\"vc_toggle_title\"><h5 style=\"color: #5aac4e;text-align: left\" class=\"vc_custom_heading\" >How to apply for an offer?<\/h5><i class=\"vc_toggle_icon\"><\/i><\/div><div class=\"vc_toggle_content\"><p>Pierwszym krokiem jest rejestracja w serwisie MiniJob.<\/p>\n<p>Search and open interesting offer. You can apply by clicking on &#8220;Submit&#8221;.<\/p>\n<p>Confirmation of application will be sent to your e-mail.<\/p>\n<\/div><\/div><div  class=\"vc_toggle vc_toggle_default vc_toggle_color_default  vc_toggle_size_md\"><div class=\"vc_toggle_title\"><h5 style=\"color: #5aac4e;text-align: left\" class=\"vc_custom_heading\" >Do I need to pay for MiniJob?<\/h5><i class=\"vc_toggle_icon\"><\/i><\/div><div class=\"vc_toggle_content\"><p>You need to pay for MiniJobs services according to the price list available in the section <a href=\"https:\/\/a-mini-job.com\/pl\/jobseeker-packages\/\">MiniJobbers Packages<\/a>.<\/p>\n<\/div><\/div><div  class=\"vc_toggle vc_toggle_default vc_toggle_color_default  vc_toggle_size_md\"><div class=\"vc_toggle_title\"><h5 style=\"color: #5aac4e;text-align: left\" class=\"vc_custom_heading\" >Why can't I see the offers?<\/h5><i class=\"vc_toggle_icon\"><\/i><\/div><div class=\"vc_toggle_content\"><p>Mo\u017ce to by\u0107 spowodowane przej\u015bciowymi problemami technicznymi, np. problem z sieci\u0105. Upewnij si\u0119, \u017ce masz dzia\u0142aj\u0105ce po\u0142\u0105czenie internetowe i spr\u00f3buj ponownie.<\/p>\n<p>Je\u015bli problem nie ust\u0105pi, przejd\u017a do sekcji \u201eSkontaktuj si\u0119 z nami\u201d i wy\u015blij nam zg\u0142oszenie. My sprawdzimy problem i postaramy si\u0119 go rozwi\u0105za\u0107 najszybciej jak to mo\u017cliwe.<\/p>\n<\/div><\/div><\/div><\/div><\/div><div class=\"wpb_column vc_column_container vc_col-sm-4\"><div class=\"vc_column-inner\"><div class=\"wpb_wrapper\"><\/div><\/div><\/div><\/div><\/div><div class=\"container-boxed max\"><div class=\"vc_row wpb_row vc_row-fluid vc_custom_1521258735602\"><div class=\"wpb_column vc_column_container vc_col-sm-8\"><div class=\"vc_column-inner\"><div class=\"wpb_wrapper\">\n\t<div class=\"wpb_text_column wpb_content_element\" >\n\t\t<div class=\"wpb_wrapper\">\n\t\t\t<h3>For the MiniEmployer<\/h3>\n\n\t\t<\/div>\n\t<\/div>\n<div  class=\"vc_toggle vc_toggle_default vc_toggle_color_default  vc_toggle_size_md\"><div class=\"vc_toggle_title\"><h5 style=\"color: #5aac4e;text-align: left\" class=\"vc_custom_heading\" >What services can you order on MiniJobs?<\/h5><i class=\"vc_toggle_icon\"><\/i><\/div><div class=\"vc_toggle_content\"><p>Anything related to small tasks, possible to be carried out remotely or directly in your home, garden or office.<\/p>\n<p>Opisuj\u0105c swoje zadanie masz do wyboru jedn\u0105 z wielu standardowych kategorii.<\/p>\n<p>If the category is not shown there is the possibility to add a new category.<\/p>\n<\/div><\/div><div  class=\"vc_toggle vc_toggle_default vc_toggle_color_default  vc_toggle_size_md\"><div class=\"vc_toggle_title\"><h5 style=\"color: #5aac4e;text-align: left\" class=\"vc_custom_heading\" >How do I find a MiniJobber?<\/h5><i class=\"vc_toggle_icon\"><\/i><\/div><div class=\"vc_toggle_content\"><p>Wpisz w wyszukiwark\u0119 interesuj\u0105ce Ci\u0119 s\u0142owo i lokalizacj\u0119. Nast\u0119pnie kliknij przycisk \"Szukaj\", aby wy\u015bwietli\u0107 oferty.<\/p>\n<\/div><\/div><div  class=\"vc_toggle vc_toggle_default vc_toggle_color_default  vc_toggle_size_md\"><div class=\"vc_toggle_title\"><h5 style=\"color: #5aac4e;text-align: left\" class=\"vc_custom_heading\" >How to add an offer?<\/h5><i class=\"vc_toggle_icon\"><\/i><\/div><div class=\"vc_toggle_content\"><p>Pierwszym krokiem jest rejestracja w serwisie MiniJob.<\/p>\n<p>Create an inquiry in the &#8220;add an offer&#8221; section. Fill in all the required fields: employer&#8217;s data, name of the task to be performed and task description. You can also add an option of sponsored company and\/or offer to increase your visibility and get more applications.<\/p>\n<p>You will find pricing in \u201cMiniEmployers Packages\u201d section.<\/p>\n<\/div><\/div><div  class=\"vc_toggle vc_toggle_default vc_toggle_color_default  vc_toggle_size_md\"><div class=\"vc_toggle_title\"><h5 style=\"color: #5aac4e;text-align: left\" class=\"vc_custom_heading\" >How long will the offer be visible on the website?<\/h5><i class=\"vc_toggle_icon\"><\/i><\/div><div class=\"vc_toggle_content\"><p>The offer will be visible on the MiniJob website for a period of time dependent on the package you have purchased. After this time, the offer is automatically moved to the &#8220;inactive&#8221; folder and will no longer be visible to MiniJobbers.<br \/>\nHowever, there is a possibility of extension.<\/p>\n<\/div><\/div><div  class=\"vc_toggle vc_toggle_default vc_toggle_color_default  vc_toggle_size_md\"><div class=\"vc_toggle_title\"><h5 style=\"color: #5aac4e;text-align: left\" class=\"vc_custom_heading\" >What happens after I have chosen a MiniJobber for my task?<\/h5><i class=\"vc_toggle_icon\"><\/i><\/div><div class=\"vc_toggle_content\"><p>After making the selection, the MiniJobber will contact you to arrange the details of the task.<\/p>\n<p>If there is no contact from the MiniJobber you have chosen, you can contact them yourself.<\/p>\n<\/div><\/div><div  class=\"vc_toggle vc_toggle_default vc_toggle_color_default  vc_toggle_size_md\"><div class=\"vc_toggle_title\"><h5 style=\"color: #5aac4e;text-align: left\" class=\"vc_custom_heading\" >Do I need to pay for MiniJob?<\/h5><i class=\"vc_toggle_icon\"><\/i><\/div><div class=\"vc_toggle_content\"><p>MiniEmployer pays for publishing offers in accordance with the price list available in the \u201cMiniEmployers Packages\u201d section.<\/p>\n<p>Pricing of featured offers is available in the \u201cMiniEmployers Packages\u201d section.<\/p>\n<p>Featured offers appear first, in the best places on the page, making it easier to see them on the website. Featuring of offers increases their visibility, and thus the chance of reaching more MiniJobbers.<\/p>\n<p>Payment for the services is subject to agreement between the MiniJobber and the MiniEmployer. MiniJob is not a part of this process.<\/p>\n<\/div><\/div><div  class=\"vc_toggle vc_toggle_default vc_toggle_color_default  vc_toggle_size_md\"><div class=\"vc_toggle_title\"><h5 style=\"color: #5aac4e;text-align: left\" class=\"vc_custom_heading\" >How can I verify MiniJobbers?<\/h5><i class=\"vc_toggle_icon\"><\/i><\/div><div class=\"vc_toggle_content\"><p>Each MiniJobber is obliged to fill out a registration form in which they provide information about their skills &amp; qualifications. Their skills are constantly assessed by the opinion issued by the MiniEmployer after completing the task.<\/p>\n<\/div><\/div><div  class=\"vc_toggle vc_toggle_default vc_toggle_color_default  vc_toggle_size_md\"><div class=\"vc_toggle_title\"><h5 style=\"color: #5aac4e;text-align: left\" class=\"vc_custom_heading\" >Is MiniJobber obliged to price their tasks?<\/h5><i class=\"vc_toggle_icon\"><\/i><\/div><div class=\"vc_toggle_content\"><p>No. MiniJobber is not obliged to provide the price of their tasks.<\/p>\n<\/div><\/div><div  class=\"vc_toggle vc_toggle_default vc_toggle_color_default  vc_toggle_size_md\"><div class=\"vc_toggle_title\"><h5 style=\"color: #5aac4e;text-align: left\" class=\"vc_custom_heading\" >Can MiniJobber also perform other tasks not included in the offer?<\/h5><i class=\"vc_toggle_icon\"><\/i><\/div><div class=\"vc_toggle_content\"><p>Yes. This is the matter of the agreement between MiniJobber and MiniEmployer.<\/p>\n<\/div><\/div><div  class=\"vc_toggle vc_toggle_default vc_toggle_color_default  vc_toggle_size_md\"><div class=\"vc_toggle_title\"><h5 style=\"color: #5aac4e;text-align: left\" class=\"vc_custom_heading\" >Czy mog\u0119 modyfikowa\u0107 moje zadania?<\/h5><i class=\"vc_toggle_icon\"><\/i><\/div><div class=\"vc_toggle_content\"><p>It is not possible to modify the tasks. However, it is possible to delete them and publish new ones.<\/p>\n<\/div><\/div><\/div><\/div><\/div><div class=\"wpb_column vc_column_container vc_col-sm-4\"><div class=\"vc_column-inner\"><div class=\"wpb_wrapper\"><\/div><\/div><\/div><\/div><\/div>","protected":false},"excerpt":{"rendered":"General rules Do I need to register?Yes. Only registered members can use MiniJob to its full extent. How to register?In order to register on the MiniJob website, fill in the appropriate form, respectively: &#8220;I&#8217;m a MiniJobber&#8221; for a person searching for a task or &#8220;I&#8217;m a MiniEmployer&#8221; for a person offering a task. After correctly filling in the form and","protected":false},"author":1,"featured_media":0,"parent":0,"menu_order":10,"comment_status":"closed","ping_status":"closed","template":"page-full-width.php","meta":{"inline_featured_image":false,"_monsterinsights_skip_tracking":false,"_monsterinsights_sitenote_active":false,"_monsterinsights_sitenote_note":"","_monsterinsights_sitenote_category":0,"footnotes":""},"class_list":["post-14393","page","type-page","status-publish","hentry","no-featured","has-left-col"],"_links":{"self":[{"href":"https:\/\/a-mini-job.com\/pl\/wp-json\/wp\/v2\/pages\/14393","targetHints":{"allow":["GET"]}}],"collection":[{"href":"https:\/\/a-mini-job.com\/pl\/wp-json\/wp\/v2\/pages"}],"about":[{"href":"https:\/\/a-mini-job.com\/pl\/wp-json\/wp\/v2\/types\/page"}],"author":[{"embeddable":true,"href":"https:\/\/a-mini-job.com\/pl\/wp-json\/wp\/v2\/users\/1"}],"replies":[{"embeddable":true,"href":"https:\/\/a-mini-job.com\/pl\/wp-json\/wp\/v2\/comments?post=14393"}],"version-history":[{"count":32,"href":"https:\/\/a-mini-job.com\/pl\/wp-json\/wp\/v2\/pages\/14393\/revisions"}],"predecessor-version":[{"id":15490,"href":"https:\/\/a-mini-job.com\/pl\/wp-json\/wp\/v2\/pages\/14393\/revisions\/15490"}],"wp:attachment":[{"href":"https:\/\/a-mini-job.com\/pl\/wp-json\/wp\/v2\/media?parent=14393"}],"curies":[{"name":"wp","href":"https:\/\/api.w.org\/{rel}","templated":true}]}}